{"id":237134,"date":"2021-03-17T12:03:49","date_gmt":"2021-03-17T11:03:49","guid":{"rendered":"https:\/\/bedbreakfastaosta.devel28.com\/colazione\/"},"modified":"2022-05-18T09:12:39","modified_gmt":"2022-05-18T07:12:39","slug":"petit-dejeuner","status":"publish","type":"page","link":"https:\/\/www.bedbreakfastaosta.com\/fr\/petit-dejeuner\/","title":{"rendered":"Petit d\u00e9jeuner"},"content":{"rendered":"<p>[et_pb_section fb_built=\u00a0\u00bb1&Prime; _builder_version=\u00a0\u00bb4.9.10&Prime; _module_preset=\u00a0\u00bb3b618fa0-24f7-4dba-b0bd-a837f524520d\u00a0\u00bb use_background_color_gradient=\u00a0\u00bbon\u00a0\u00bb background_color_gradient_start=\u00a0\u00bbrgba(0,0,0,0.24)\u00a0\u00bb background_color_gradient_end=\u00a0\u00bbrgba(0,0,0,0.24)\u00a0\u00bb background_color_gradient_overlays_image=\u00a0\u00bbon\u00a0\u00bb background_image=\u00a0\u00bbhttps:\/\/www.bedbreakfastaosta.com\/wp-content\/uploads\/2022\/05\/original_43-5.jpeg\u00a0\u00bb height=\u00a0\u00bb55vh\u00a0\u00bb height_tablet=\u00a0\u00bb35vh\u00a0\u00bb height_phone=\u00a0\u00bb30vh\u00a0\u00bb height_last_edited=\u00a0\u00bbon|phone\u00a0\u00bb custom_padding=\u00a0\u00bb0px||0px||true|false\u00a0\u00bb hover_enabled=\u00a0\u00bb0&Prime; locked=\u00a0\u00bboff\u00a0\u00bb title_text=\u00a0\u00bboriginal_43-5&Prime; sticky_enabled=\u00a0\u00bb0&Prime;][et_pb_row make_equal=\u00a0\u00bbon\u00a0\u00bb _builder_version=\u00a0\u00bb4.9.1&Prime; _module_preset=\u00a0\u00bb99693d93-50cd-4d86-a7ce-641e796671e5&Prime; height=\u00a0\u00bb100%\u00a0\u00bb custom_padding=\u00a0\u00bb0px||0px||true|false\u00a0\u00bb][et_pb_column type=\u00a0\u00bb4_4&Prime; _builder_version=\u00a0\u00bb4.9.1&Prime; _module_preset=\u00a0\u00bb7fc8a607-e6c5-4fe4-a7cd-1a20247c5c2a\u00a0\u00bb custom_css_main_element=\u00a0\u00bbdisplay:flex;||align-items:center;||justify-content:center;||height:100%;\u00a0\u00bb][et_pb_text admin_label=\u00a0\u00bbPetit d\u00e9jeuner\u00a0\u00bb _builder_version=\u00a0\u00bb4.9.4&Prime; _module_preset=\u00a0\u00bb40f0036c-424c-4efc-b618-cc78b947fb14&Prime; header_font=\u00a0\u00bb|600|||||||\u00a0\u00bb header_text_align=\u00a0\u00bbcenter\u00a0\u00bb header_text_color=\u00a0\u00bb#FFFFFF\u00a0\u00bb header_font_size=\u00a0\u00bb70px\u00a0\u00bb header_line_height=\u00a0\u00bb1.2em\u00a0\u00bb header_font_size_tablet=\u00a0\u00bb50px\u00a0\u00bb header_font_size_phone=\u00a0\u00bb36px\u00a0\u00bb header_font_size_last_edited=\u00a0\u00bbon|phone\u00a0\u00bb header_text_shadow_style=\u00a0\u00bbpreset1&Prime;]<\/p>\n<h1>Petit d\u00e9jeuner<\/h1>\n<p>[\/et_pb_text][\/et_pb_column][\/et_pb_row][\/et_pb_section][et_pb_section fb_built=\u00a0\u00bb1&Prime; _builder_version=\u00a0\u00bb4.9.4&Prime; _module_preset=\u00a0\u00bbdefault\u00a0\u00bb custom_padding=\u00a0\u00bb||||false|false\u00a0\u00bb][et_pb_row custom_padding_last_edited=\u00a0\u00bboff|desktop\u00a0\u00bb admin_label=\u00a0\u00bbRiga\u00a0\u00bb _builder_version=\u00a0\u00bb4.9.4&Prime; _module_preset=\u00a0\u00bbdefault\u00a0\u00bb custom_padding=\u00a0\u00bb0px||0px||true|false\u00a0\u00bb custom_padding_tablet=\u00a0\u00bb0px||0px||false|false\u00a0\u00bb custom_padding_phone=\u00a0\u00bb||0px||false|false\u00a0\u00bb locked=\u00a0\u00bboff\u00a0\u00bb][et_pb_column type=\u00a0\u00bb4_4&Prime; _builder_version=\u00a0\u00bb4.9.1&Prime; _module_preset=\u00a0\u00bbdefault\u00a0\u00bb][et_pb_text admin_label=\u00a0\u00bbManger dans le vert: c\u2019est la sensation que nous voulions obtenir pla\u00e7ant la grande table dans le jardin d\u2019hiver.\u00a0\u00bb _builder_version=\u00a0\u00bb4.9.10&Prime; _module_preset=\u00a0\u00bba5990a36-53c9-4edc-a542-7116eba74159&Prime; header_3_font_size=\u00a0\u00bb24px\u00a0\u00bb header_3_line_height=\u00a0\u00bb1.4em\u00a0\u00bb custom_margin=\u00a0\u00bb||10px||false|false\u00a0\u00bb custom_margin_tablet=\u00a0\u00bb||||false|false\u00a0\u00bb custom_margin_phone=\u00a0\u00bb0px||||false|false\u00a0\u00bb custom_margin_last_edited=\u00a0\u00bboff|tablet\u00a0\u00bb header_3_font_size_tablet=\u00a0\u00bb22px\u00a0\u00bb header_3_font_size_phone=\u00a0\u00bb18px\u00a0\u00bb header_3_font_size_last_edited=\u00a0\u00bbon|phone\u00a0\u00bb header_3_line_height_tablet=\u00a0\u00bb1.4em\u00a0\u00bb header_3_line_height_phone=\u00a0\u00bb1.4em\u00a0\u00bb header_3_line_height_last_edited=\u00a0\u00bboff|desktop\u00a0\u00bb custom_css_main_element=\u00a0\u00bbpadding-left:10px;\u00a0\u00bb border_width_left=\u00a0\u00bb4px\u00a0\u00bb border_color_left=\u00a0\u00bb#b0bf64&Prime; border_width_left_tablet=\u00a0\u00bb3px\u00a0\u00bb border_width_left_phone=\u00a0\u00bb2px\u00a0\u00bb border_width_left_last_edited=\u00a0\u00bbon|phone\u00a0\u00bb locked=\u00a0\u00bboff\u00a0\u00bb]<\/p>\n<h3 id=\"tw-target-text\" class=\"tw-data-text tw-text-large tw-ta\" dir=\"ltr\" data-placeholder=\"Traduzione\"><span class=\"Y2IQFc\" lang=\"fr\">En phase avec les rythmes de la nature<\/span><\/h3>\n<p>[\/et_pb_text][et_pb_text admin_label=\u00a0\u00bbLa petit d\u00e9jeuner \u201csur mesure\u201d selon les d\u00e9sirs des h\u00f4tes est servi dans\u00a0\u00bb _builder_version=\u00a0\u00bb4.9.10&Prime; _module_preset=\u00a0\u00bb0edbc8d8-19e7-4810-a164-5fcaca989861&Prime; text_font=\u00a0\u00bb|300|||||||\u00a0\u00bb custom_margin=\u00a0\u00bb||30px||false|false\u00a0\u00bb custom_margin_tablet=\u00a0\u00bb||25px||false|false\u00a0\u00bb custom_margin_phone=\u00a0\u00bb||15px||false|false\u00a0\u00bb custom_margin_last_edited=\u00a0\u00bbon|phone\u00a0\u00bb custom_padding=\u00a0\u00bb||||false|false\u00a0\u00bb text_font_size_tablet=\u00a0\u00bb15px\u00a0\u00bb text_font_size_phone=\u00a0\u00bb13px\u00a0\u00bb text_font_size_last_edited=\u00a0\u00bbon|phone\u00a0\u00bb locked=\u00a0\u00bboff\u00a0\u00bb]<\/p>\n<p id=\"tw-target-text\" class=\"tw-data-text tw-text-large tw-ta\" dir=\"ltr\" data-placeholder=\"Traduzione\"><span class=\"Y2IQFc\" lang=\"fr\">Vivre au vert, une maison ouverte sur l&rsquo;ext\u00e9rieur au maximum, o\u00f9 le soleil entre par les fen\u00eatres \u00e0 toute heure de la journ\u00e9e. Le petit d\u00e9jeuner \u00ab\u00a0sur mesure\u00a0\u00bb selon les souhaits des h\u00f4tes. Produits frais achet\u00e9s directement aupr\u00e8s des producteurs locaux. Par ailleurs, des causes \u00ab\u00a0familiales\u00a0\u00bb nous nous sommes \u00e9galement \u00e9quip\u00e9s pour offrir des petits d\u00e9jeuners aux personnes souffrant d&rsquo;INTOL\u00c9RANCES ALIMENTAIRES.<\/span><\/p>\n<p>[\/et_pb_text][et_pb_gallery gallery_ids=\u00a0\u00bb237138,237135,237935,237389&Prime; show_title_and_caption=\u00a0\u00bboff\u00a0\u00bb show_pagination=\u00a0\u00bboff\u00a0\u00bb zoom_icon_color=\u00a0\u00bb#b0bf64&Prime; disabled_on=\u00a0\u00bbon|on|off\u00a0\u00bb admin_label=\u00a0\u00bbGalleria PC\u00a0\u00bb _builder_version=\u00a0\u00bb4.9.10&Prime; _module_preset=\u00a0\u00bbdefault\u00a0\u00bb custom_margin=\u00a0\u00bb||0px||false|false\u00a0\u00bb][\/et_pb_gallery][\/et_pb_column][\/et_pb_row][\/et_pb_section]<\/p>\n","protected":false},"excerpt":{"rendered":"<p>Petit d\u00e9jeunerEn phase avec les rythmes de la natureVivre au vert, une maison ouverte sur l&rsquo;ext\u00e9rieur au maximum, o\u00f9 le soleil entre par les fen\u00eatres \u00e0 toute heure de la journ\u00e9e. Le petit d\u00e9jeuner \u00ab\u00a0sur mesure\u00a0\u00bb selon les souhaits des h\u00f4tes. Produits frais achet\u00e9s directement aupr\u00e8s des producteurs locaux. Par ailleurs, des causes \u00ab\u00a0familiales\u00a0\u00bb nous [&hellip;]<\/p>\n","protected":false},"author":1,"featured_media":0,"parent":0,"menu_order":13,"comment_status":"closed","ping_status":"closed","template":"","meta":{"_acf_changed":false,"_et_pb_use_builder":"on","_et_pb_old_content":"","_et_gb_content_width":"","footnotes":""},"class_list":["post-237134","page","type-page","status-publish","hentry"],"acf":[],"_links":{"self":[{"href":"https:\/\/www.bedbreakfastaosta.com\/fr\/wp-json\/wp\/v2\/pages\/237134","targetHints":{"allow":["GET"]}}],"collection":[{"href":"https:\/\/www.bedbreakfastaosta.com\/fr\/wp-json\/wp\/v2\/pages"}],"about":[{"href":"https:\/\/www.bedbreakfastaosta.com\/fr\/wp-json\/wp\/v2\/types\/page"}],"author":[{"embeddable":true,"href":"https:\/\/www.bedbreakfastaosta.com\/fr\/wp-json\/wp\/v2\/users\/1"}],"replies":[{"embeddable":true,"href":"https:\/\/www.bedbreakfastaosta.com\/fr\/wp-json\/wp\/v2\/comments?post=237134"}],"version-history":[{"count":10,"href":"https:\/\/www.bedbreakfastaosta.com\/fr\/wp-json\/wp\/v2\/pages\/237134\/revisions"}],"predecessor-version":[{"id":238115,"href":"https:\/\/www.bedbreakfastaosta.com\/fr\/wp-json\/wp\/v2\/pages\/237134\/revisions\/238115"}],"wp:attachment":[{"href":"https:\/\/www.bedbreakfastaosta.com\/fr\/wp-json\/wp\/v2\/media?parent=237134"}],"curies":[{"name":"wp","href":"https:\/\/api.w.org\/{rel}","templated":true}]}}